{"id":26006,"date":"2019-10-22T13:18:09","date_gmt":"2019-10-22T10:18:09","guid":{"rendered":"http:\/\/koda.ua.dev.cc\/product\/%d0%ba%d0%bb%d0%b0%d1%81%d1%81-%d1%82%d0%be%d1%87%d0%bd%d0%be%d1%81%d1%82%d0%b8-00-%d0%b8%d0%bb%d0%b8-0\/"},"modified":"2021-12-01T11:51:31","modified_gmt":"2021-12-01T09:51:31","slug":"precision-class-00-or-0","status":"publish","type":"product","link":"https:\/\/test.koda.ua\/ru\/\u043f\u0440\u043e\u0434\u0443\u043a\u0442\/precision-class-00-or-0\/","title":{"rendered":"\u041a\u043b\u0430\u0441\u0441 \u0442\u043e\u0447\u043d\u043e\u0441\u0442\u0438 00 \u0438\u043b\u0438 0"},"content":{"rendered":"<p><b>\u041e\u0441\u043d\u043e\u0432\u043d\u044b\u0435 \u0444\u0443\u043d\u043a\u0446\u0438\u0438 \u0438 \u0442\u0435\u0445\u043d\u0438\u0447\u0435\u0441\u043a\u0438\u0435 \u0445\u0430\u0440\u0430\u043a\u0442\u0435\u0440\u0438\u0441\u0442\u0438\u043a\u0438:<\/b><\/p>\n<ul>\n<li>\u0418\u0437\u0433\u043e\u0442\u043e\u0432\u043b\u0435\u043d\u044b \u0438\u0437 \u043d\u0435\u0440\u0436\u0430\u0432\u0435\u044e\u0449\u0435\u0439 \u0441\u0442\u0430\u043b\u0438;<\/li>\n<li>\u041a\u043b\u0430\u0441\u0441 \u0442\u043e\u0447\u043d\u043e\u0441\u0442\u0438: \u00ab0\u00bb \u0438\u043b\u0438 \u00ab1\u00bb;<\/li>\n<li>\u0423\u0433\u043e\u043b: 90\u00ba;<\/li>\n<li>\u043f\u043e\u0441\u0442\u0430\u0432\u043b\u044f\u0435\u0442\u0441\u044f \u0432 \u0438\u043d\u0434\u0438\u0432\u0438\u0434\u0443\u0430\u043b\u044c\u043d\u043e\u043c \u0444\u0443\u0442\u043b\u044f\u0440\u0435 \u0441 \u0438\u043d\u0441\u043f\u0435\u043a\u0446\u0438\u043e\u043d\u043d\u044b\u043c \u043e\u0442\u0447\u0451\u0442\u043e\u043c.<\/li>\n<\/ul>\n<table border=\"0\" width=\"100%\" cellspacing=\"1\" cellpadding=\"4\">\n<tbody>\n<tr valign=\"top\" bgcolor=\"#FFFFFF\">\n<td class=\"tdh centrside\">\u0422\u0438\u043f<\/td>\n<td class=\"tdh centrside\">\u0420\u0430\u0437\u043c\u0435\u0440\u044b, \u043c\u043c<\/td>\n<td class=\"tdh centrside\">\u041a\u043b\u0430\u0441\u0441 \u0442\u043e\u0447\u043d\u043e\u0441\u0442\u0438<\/td>\n<\/tr>\n<tr valign=\"top\" bgcolor=\"#FFFFFF\">\n<td class=\"td2 centrside\">08114021<\/td>\n<td class=\"td2 centrside\">75 \u00d7 50<\/td>\n<td class=\"td2 centrside\">0<\/td>\n<\/tr>\n<tr valign=\"top\" bgcolor=\"#FFFFFF\">\n<td class=\"td1 centrside\">08114022<\/td>\n<td class=\"td1 centrside\">100 \u00d7 70<\/td>\n<td class=\"td1 centrside\">0<\/td>\n<\/tr>\n<tr valign=\"top\" bgcolor=\"#FFFFFF\">\n<td class=\"td2 centrside\">08114023<\/td>\n<td class=\"td2 centrside\">150 \u00d7 100<\/td>\n<td class=\"td2 centrside\">0<\/td>\n<\/tr>\n<tr valign=\"top\" bgcolor=\"#FFFFFF\">\n<td class=\"td1 centrside\">08114024<\/td>\n<td class=\"td1 centrside\">200 \u00d7 130<\/td>\n<td class=\"td1 centrside\">0<\/td>\n<\/tr>\n<tr valign=\"top\" bgcolor=\"#FFFFFF\">\n<td class=\"td2 centrside\">08114025<\/td>\n<td class=\"td2 centrside\">300 \u00d7 200<\/td>\n<td class=\"td2 centrside\">0<\/td>\n<\/tr>\n<tr valign=\"top\" bgcolor=\"#FFFFFF\">\n<td class=\"td1 centrside\">08114026<\/td>\n<td class=\"td1 centrside\">75 \u00d7 50<\/td>\n<td class=\"td1 centrside\">1<\/td>\n<\/tr>\n<tr valign=\"top\" bgcolor=\"#FFFFFF\">\n<td class=\"td2 centrside\">08114027<\/td>\n<td class=\"td2 centrside\">100 \u00d7 70<\/td>\n<td class=\"td2 centrside\">1<\/td>\n<\/tr>\n<tr valign=\"top\" bgcolor=\"#FFFFFF\">\n<td class=\"td1 centrside\">08114028<\/td>\n<td class=\"td1 centrside\">150 \u00d7 100<\/td>\n<td class=\"td1 centrside\">1<\/td>\n<\/tr>\n<tr valign=\"top\" bgcolor=\"#FFFFFF\">\n<td class=\"td2 centrside\">08114029<\/td>\n<td class=\"td2 centrside\">200 \u00d7 130<\/td>\n<td class=\"td2 centrside\">1<\/td>\n<\/tr>\n<tr valign=\"top\" bgcolor=\"#FFFFFF\">\n<td class=\"td1 centrside\">08114030<\/td>\n<td class=\"td1 centrside\">300 \u00d7 200<\/td>\n<td class=\"td1 centrside\">1<\/td>\n<\/tr>\n<\/tbody>\n<\/table>\n<div><\/div>\n<dl class=\"img_desc\">\n<dd><img loading=\"lazy\" title=\"\" src=\"http:\/\/www.koda.ua\/images\/db\/1016_1271.JPG\" alt=\"\" width=\"240\" height=\"350\" border=\"0\" \/><\/dd>\n<\/dl>\n<p><b>\u041e\u0441\u043d\u043e\u0432\u043d\u044b\u0435 \u0444\u0443\u043d\u043a\u0446\u0438\u0438 \u0438 \u0442\u0435\u0445\u043d\u0438\u0447\u0435\u0441\u043a\u0438\u0435 \u0445\u0430\u0440\u0430\u043a\u0442\u0435\u0440\u0438\u0441\u0442\u0438\u043a\u0438:<\/b><\/p>\n<ul>\n<li>\u0418\u0437\u0433\u043e\u0442\u043e\u0432\u043b\u0435\u043d\u044b \u0438\u0437 \u043d\u0435\u0440\u0436\u0430\u0432\u0435\u044e\u0449\u0435\u0439 \u0441\u0442\u0430\u043b\u0438;<\/li>\n<li>\u041a\u043b\u0430\u0441\u0441 \u0442\u043e\u0447\u043d\u043e\u0441\u0442\u0438: \u00ab0\u00bb \u0438\u043b\u0438 \u00ab1\u00bb;<\/li>\n<li>\u0423\u0433\u043e\u043b: 90\u00ba;<\/li>\n<li>\u043f\u043e\u0441\u0442\u0430\u0432\u043b\u044f\u0435\u0442\u0441\u044f \u0432 \u0438\u043d\u0434\u0438\u0432\u0438\u0434\u0443\u0430\u043b\u044c\u043d\u043e\u043c \u0444\u0443\u0442\u043b\u044f\u0440\u0435 \u0441 \u0438\u043d\u0441\u043f\u0435\u043a\u0446\u0438\u043e\u043d\u043d\u044b\u043c \u043e\u0442\u0447\u0451\u0442\u043e\u043c.<\/li>\n<\/ul>\n<table border=\"0\" width=\"100%\" cellspacing=\"1\" cellpadding=\"4\">\n<tbody>\n<tr valign=\"top\" bgcolor=\"#FFFFFF\">\n<td class=\"tdh centrside\">\u0422\u0438\u043f<\/td>\n<td class=\"tdh centrside\">\u0420\u0430\u0437\u043c\u0435\u0440\u044b, \u043c\u043c<\/td>\n<td class=\"tdh centrside\">\u041a\u043b\u0430\u0441\u0441 \u0442\u043e\u0447\u043d\u043e\u0441\u0442\u0438<\/td>\n<\/tr>\n<tr valign=\"top\" bgcolor=\"#FFFFFF\">\n<td class=\"td2 centrside\">08114031<\/td>\n<td class=\"td2 centrside\">75 \u00d7 50<\/td>\n<td class=\"td2 centrside\">0<\/td>\n<\/tr>\n<tr valign=\"top\" bgcolor=\"#FFFFFF\">\n<td class=\"td1 centrside\">08114032<\/td>\n<td class=\"td1 centrside\">100 \u00d7 70<\/td>\n<td class=\"td1 centrside\">0<\/td>\n<\/tr>\n<tr valign=\"top\" bgcolor=\"#FFFFFF\">\n<td class=\"td2 centrside\">08114033<\/td>\n<td class=\"td2 centrside\">150 \u00d7 100<\/td>\n<td class=\"td2 centrside\">0<\/td>\n<\/tr>\n<tr valign=\"top\" bgcolor=\"#FFFFFF\">\n<td class=\"td1 centrside\">08114034<\/td>\n<td class=\"td1 centrside\">200 \u00d7 130<\/td>\n<td class=\"td1 centrside\">0<\/td>\n<\/tr>\n<tr valign=\"top\" bgcolor=\"#FFFFFF\">\n<td class=\"td2 centrside\">08114035<\/td>\n<td class=\"td2 centrside\">300 \u00d7 200<\/td>\n<td class=\"td2 centrside\">0<\/td>\n<\/tr>\n<tr valign=\"top\" bgcolor=\"#FFFFFF\">\n<td class=\"td1 centrside\">08114036<\/td>\n<td class=\"td1 centrside\">75 \u00d7 50<\/td>\n<td class=\"td1 centrside\">1<\/td>\n<\/tr>\n<tr valign=\"top\" bgcolor=\"#FFFFFF\">\n<td class=\"td2 centrside\">08114037<\/td>\n<td class=\"td2 centrside\">100 \u00d7 70<\/td>\n<td class=\"td2 centrside\">1<\/td>\n<\/tr>\n<tr valign=\"top\" bgcolor=\"#FFFFFF\">\n<td class=\"td1 centrside\">08114038<\/td>\n<td class=\"td1 centrside\">150 \u00d7 100<\/td>\n<td class=\"td1 centrside\">1<\/td>\n<\/tr>\n<tr valign=\"top\" bgcolor=\"#FFFFFF\">\n<td class=\"td2 centrside\">08114039<\/td>\n<td class=\"td2 centrside\">200 \u00d7 130<\/td>\n<td class=\"td2 centrside\">1<\/td>\n<\/tr>\n<tr valign=\"top\" bgcolor=\"#FFFFFF\">\n<td class=\"td1 centrside\">08114040<\/td>\n<td class=\"td1 centrside\">300 \u00d7 200<\/td>\n<td class=\"td1 centrside\">1<\/td>\n<\/tr>\n<\/tbody>\n<\/table>\n","protected":false},"excerpt":{"rendered":"<p>\u041e\u0441\u043d\u043e\u0432\u043d\u044b\u0435 \u0444\u0443\u043d\u043a\u0446\u0438\u0438 \u0438 \u0442\u0435\u0445\u043d\u0438\u0447\u0435\u0441\u043a\u0438\u0435 \u0445\u0430\u0440\u0430\u043a\u0442\u0435\u0440\u0438\u0441\u0442\u0438\u043a\u0438: \u0418\u0437\u0433\u043e\u0442\u043e\u0432\u043b\u0435\u043d\u044b \u0438\u0437 \u043d\u0435\u0440\u0436\u0430\u0432\u0435\u044e\u0449\u0435\u0439 \u0441\u0442\u0430\u043b\u0438; \u041a\u043b\u0430\u0441\u0441 \u0442\u043e\u0447\u043d\u043e\u0441\u0442\u0438: \u00ab0\u00bb \u0438\u043b\u0438 \u00ab1\u00bb; \u0423\u0433\u043e\u043b: 90\u00ba; \u043f\u043e\u0441\u0442\u0430\u0432\u043b\u044f\u0435\u0442\u0441\u044f \u0432 \u0438\u043d\u0434\u0438\u0432\u0438\u0434\u0443\u0430\u043b\u044c\u043d\u043e\u043c \u0444\u0443\u0442\u043b\u044f\u0440\u0435 \u0441 \u0438\u043d\u0441\u043f\u0435\u043a\u0446\u0438\u043e\u043d\u043d\u044b\u043c \u043e\u0442\u0447\u0451\u0442\u043e\u043c. \u0422\u0438\u043f \u0420\u0430\u0437\u043c\u0435\u0440\u044b, \u043c\u043c \u041a\u043b\u0430\u0441\u0441 \u0442\u043e\u0447\u043d\u043e\u0441\u0442\u0438 08114021 75 \u00d7 50 0 08114022 100 \u00d7 70 0 08114023 150 \u00d7 100 0 08114024 200 \u00d7 130 0 08114025 300 \u00d7 200 0 08114026 75 [&hellip;]<\/p>\n","protected":false},"featured_media":26008,"template":"","meta":[],"product_cat":[1923],"product_tag":[],"producers":[1502],"_links":{"self":[{"href":"https:\/\/test.koda.ua\/ru\/wp-json\/wp\/v2\/product\/26006"}],"collection":[{"href":"https:\/\/test.koda.ua\/ru\/wp-json\/wp\/v2\/product"}],"about":[{"href":"https:\/\/test.koda.ua\/ru\/wp-json\/wp\/v2\/types\/product"}],"version-history":[{"count":5,"href":"https:\/\/test.koda.ua\/ru\/wp-json\/wp\/v2\/product\/26006\/revisions"}],"predecessor-version":[{"id":47031,"href":"https:\/\/test.koda.ua\/ru\/wp-json\/wp\/v2\/product\/26006\/revisions\/47031"}],"wp:featuredmedia":[{"embeddable":true,"href":"https:\/\/test.koda.ua\/ru\/wp-json\/wp\/v2\/media\/26008"}],"wp:attachment":[{"href":"https:\/\/test.koda.ua\/ru\/wp-json\/wp\/v2\/media?parent=26006"}],"wp:term":[{"taxonomy":"product_cat","embeddable":true,"href":"https:\/\/test.koda.ua\/ru\/wp-json\/wp\/v2\/product_cat?post=26006"},{"taxonomy":"product_tag","embeddable":true,"href":"https:\/\/test.koda.ua\/ru\/wp-json\/wp\/v2\/product_tag?post=26006"},{"taxonomy":"producers","embeddable":true,"href":"https:\/\/test.koda.ua\/ru\/wp-json\/wp\/v2\/producers?post=26006"}],"curies":[{"name":"wp","href":"https:\/\/api.w.org\/{rel}","templated":true}]}}