{"id":46540,"date":"2021-07-14T12:45:18","date_gmt":"2021-07-14T09:46:32","guid":{"rendered":"http:\/\/test.koda.ua\/?post_type=product&#038;p=46540"},"modified":"2021-11-29T13:43:15","modified_gmt":"2021-11-29T11:43:15","slug":"tonic-with-scale-tape-from-stainless-steel-rslm","status":"publish","type":"product","link":"https:\/\/test.koda.ua\/en\/product\/tonic-with-scale-tape-from-stainless-steel-rslm\/","title":{"rendered":"Optical incremental linear encoder TONiC with scale tape from stainless steel RSLM"},"content":{"rendered":"<p>The new RSLM stainless steel line provides measurement accuracy comparable to high-precision glass scales, and it is offered in the range of up to 5 m. The linear encoder system with the RSLM line provides a total error (including slopes and linearity) of less than \u00b1 4 \u03bcm at 5 m &#8211; the best result in the industry! In a system with optical signal filtering that is easy to install and has a periodic error of \u00b1 30 nm and a resolution of up to 1 nm, the RSLM line retains all the advantages of the encoder in 20 \u03bcm increments, while ensuring the accuracy of a system with a significantly smaller pitch.<\/p>\n<p><b>Features and Benefits of the TONiC T1010 reading head and Ti-Interface<\/b><\/p>\n<p>&#8211; Periodic error: \u00b1 30 nm, which ensures the accuracy of operation inherent in encoders with a smaller pitch.<br \/>\n&#8211; Compact overall dimensions: 10.0 \u00d7 35.0 \u00d7 13.5 mm (H\u00d7D\u00d7W).<br \/>\n&#8211; Extremely high signal stability under conditions not acceptable for most open optical encoders.<br \/>\n&#8211; User selectable automatic gain adjustment (AGC) mode allows to maintain a constant analog signal amplitude of 1 Vpp.<br \/>\n&#8211; Ability to work at speeds up to 10 m\/s and temperatures up to 70\u00a0<sup>\u00b0\u00a0<\/sup>C.<br \/>\n&#8211; New opportunity! Increase the stability of positioning due to the optical signal filtering system, characterized by low noise (jitter).<br \/>\n&#8211; Standard analog and digital output signals.<br \/>\n&#8211; Easy setup and diagnostics of the system thanks to LED indicators on the reading head and interface.<br \/>\n&#8211; The flexible cable between the reading head and the UL-compliant interface is up to 10 m long.<br \/>\n&#8211; Compliance with the requirements of the RoHS directive.<\/p>\n<p>Ruler RSLM in stainless steel in 20 \u03bcm steps<\/p>\n<p>The RSLM ruler in stainless steel with a pitch of 20 microns is excellent for those cases when it comes to moving within a significant length while maintaining high accuracy.<\/p>\n<p>This robust ruler is offered with standard lengths up to 5 m.<\/p>\n<p>The total error is less than \u00b1 4 \u03bcm at 5 m.<br \/>\n&#8211; Coefficient of thermal expansion: 10.8 \u03bcm\/m\/<sup>\u00a00\u00a0<\/sup>\u0421.<br \/>\n&#8211; Ribbon RSLM can be folded into a ring for convenient handling and storage, while in the straightened state it behaves the same as the scale ruler.<br \/>\n&#8211; Fixing with a special adhesive base or mechanical clamps.<br \/>\n&#8211; Optical zero mark IN-TRAC with automatic synchronization provides two-way repeatability of arrival to zero point at speeds of movement up to 12.5 m\/s.<br \/>\n&#8211; Various zero-mark positions for IN-TRAC: in the middle of the scale (RSLM), at the end of the scale (RSLE), with distance codes for indexing short displacements (RSLD) or with equal intervals for customer selection (RSLC).<br \/>\n&#8211; Pair limit switches installed directly on the line provide an automatic feed of the signal that initiates the stop of the moved assembly.<\/p>\n<p><b>Specifications<\/b><\/p>\n<table border=\"0\" width=\"100%\" cellspacing=\"1\" cellpadding=\"4\">\n<tbody>\n<tr valign=\"top\" bgcolor=\"#FFFFFF\">\n<td class=\"tdh centrside\">Built-in LED<br \/>\nhead position indicator<\/td>\n<td class=\"td2 \">Yes<\/td>\n<\/tr>\n<tr valign=\"top\" bgcolor=\"#FFFFFF\">\n<td class=\"tdh centrside\">Measuring range, m:<\/td>\n<td class=\"td1 \">\u2014 up to 5<\/td>\n<\/tr>\n<tr valign=\"top\" bgcolor=\"#FFFFFF\">\n<td class=\"tdh centrside\">Length of the optical scale RSLM, m:<\/td>\n<td class=\"td2 \">\u2014from 0,08 to 5<\/td>\n<\/tr>\n<tr valign=\"top\" bgcolor=\"#FFFFFF\">\n<td class=\"tdh centrside\">Resolution of digital output signal RS422, nm:<\/td>\n<td class=\"td1 \">1, 5, 10, 20, 50 , 100, 200, 500, 1000, 5000<\/td>\n<\/tr>\n<tr valign=\"top\" bgcolor=\"#FFFFFF\">\n<td class=\"tdh centrside\">Resolution of analog output signal:<\/td>\n<td class=\"td2 \">\u2014 1 Vpp<\/td>\n<\/tr>\n<tr valign=\"top\" bgcolor=\"#FFFFFF\">\n<td class=\"tdh centrside\">Step of the scale, mkm:<\/td>\n<td class=\"td1 \">20<\/td>\n<\/tr>\n<tr valign=\"top\" bgcolor=\"#FFFFFF\">\n<td class=\"tdh centrside\">Max speed, m\/s:<\/td>\n<td class=\"td2 \">10<\/td>\n<\/tr>\n<tr valign=\"top\" bgcolor=\"#FFFFFF\">\n<td class=\"tdh centrside\">Clearance between reading head<br \/>\nand optical scale, mm:<\/td>\n<td class=\"td1 \">2,1 \u00b1 0,15<\/td>\n<\/tr>\n<tr valign=\"top\" bgcolor=\"#FFFFFF\">\n<td class=\"tdh centrside\">Accuracy of the system at 20\u00b0 C, \u03bcm:<\/td>\n<td class=\"td2 \">\u00b1 1,5 (in length up to 1 m)<br \/>\n\u2013 \u00b1 2,25 (in length up to 2 m)<br \/>\n\u2013 \u00b1 3 (in length up to 3 m)<br \/>\n\u2013 \u00b1 4 (in length up to 5 m)<\/td>\n<\/tr>\n<tr valign=\"top\" bgcolor=\"#FFFFFF\">\n<td class=\"tdh centrside\">Scale option:<\/td>\n<td class=\"td1 \">\u2014 base bracket and mounting clips<br \/>\n&#8211; self-adhesive base<\/td>\n<\/tr>\n<tr valign=\"top\" bgcolor=\"#FFFFFF\">\n<td class=\"tdh centrside\">Coefficient of thermal expansion, \u03bcm\/m\/\u00b0\u0421:<\/td>\n<td class=\"td2 \">10,8<\/td>\n<\/tr>\n<tr valign=\"top\" bgcolor=\"#FFFFFF\">\n<td class=\"tdh centrside\">Supply voltage, V:<\/td>\n<td class=\"td1 \">5 \u00b1 10 %<\/td>\n<\/tr>\n<tr valign=\"top\" bgcolor=\"#FFFFFF\">\n<td class=\"tdh centrside\">Current consumption (without load), mA:<\/td>\n<td class=\"td2 \">&lt; 100 (analog system)<br \/>\n\u2014 &lt; 200 (digital system)<\/td>\n<\/tr>\n<tr valign=\"top\" bgcolor=\"#FFFFFF\">\n<td class=\"tdh centrside\">Material of the optical scale RSLM:<\/td>\n<td class=\"td1 \">\u2014 hardened martensitic stainless steel<\/td>\n<\/tr>\n<tr valign=\"top\" bgcolor=\"#FFFFFF\">\n<td class=\"tdh centrside\">Cable:<\/td>\n<td class=\"td2 \">\u2014 flexible, with double shielding, outer diameter 4,25 \u00b1 0,25 mm, cable service life for bending more than 20 x 10\u00a0<sup>6\u00a0<\/sup>cycles with a bend radius of 20 mm, corresponds to UL standard<\/td>\n<\/tr>\n<tr valign=\"top\" bgcolor=\"#FFFFFF\">\n<td class=\"tdh centrside\">Length of the cable, m:<\/td>\n<td class=\"td1 \">0.5, 1, 1.5, 3, 5, 10 (14-pin connector, for connection directly to the Si-interface)<\/td>\n<\/tr>\n<tr valign=\"top\" bgcolor=\"#FFFFFF\">\n<td class=\"tdh centrside\">Dimensions of the reading head TONiC T1010 (height \u00d7 length \u00d7 width), mm:<\/td>\n<td class=\"td2 \">10,0 \u00d7 35,0 \u00d7 13,5<\/td>\n<\/tr>\n<tr valign=\"top\" bgcolor=\"#FFFFFF\">\n<td class=\"tdh centrside\">Mass, g:<\/td>\n<td class=\"td1 \">reading head TONiC T1010 -10<br \/>\n&#8211; Si-interface &#8211; 100<\/td>\n<\/tr>\n<tr valign=\"top\" bgcolor=\"#FFFFFF\">\n<td class=\"tdh centrside\">Mass, g\/m:<\/td>\n<td class=\"td2 \">optical scale RSLM &#8211; 173<br \/>\n&#8211; cable &#8211; 26<\/td>\n<\/tr>\n<tr valign=\"top\" bgcolor=\"#FFFFFF\">\n<td class=\"tdh centrside\">Reference mark (zero):<\/td>\n<td class=\"td1 \">optical, IN-TRAC, with automatic zero-signal synchronization<\/td>\n<\/tr>\n<tr valign=\"top\" bgcolor=\"#FFFFFF\">\n<td class=\"tdh centrside\">Limit switches:<\/td>\n<td class=\"td2 \">single, magnetic<br \/>\n&#8211; paired, magnetic<\/td>\n<\/tr>\n<tr valign=\"top\" bgcolor=\"#FFFFFF\">\n<td class=\"tdh centrside\">Temperature, \u00b0\u0421:<\/td>\n<td class=\"td1 \">\u2014 process &#8211; from 0 to + 70<br \/>\n&#8211; storage &#8211; from &#8211; 20 to + 70<\/td>\n<\/tr>\n<tr valign=\"top\" bgcolor=\"#FFFFFF\">\n<td class=\"tdh centrside\">Degree of protection:<\/td>\n<td class=\"td2 \">&#8211; reading head T10101 \u2013 IP40<br \/>\n&#8211; Ti interface \u2013 IP20<\/td>\n<\/tr>\n<tr valign=\"top\" bgcolor=\"#FFFFFF\">\n<td class=\"tdh centrside\">Max humidity<br \/>\n(without compensation, with temperature + 40\u00a0<sup>\u00b0<\/sup>C), %:<\/td>\n<td class=\"td1 \">95<\/td>\n<\/tr>\n<tr valign=\"top\" bgcolor=\"#FFFFFF\">\n<td class=\"tdh centrside\">Process acceleration, m\/s\u00a0<sup>2<\/sup>:<\/td>\n<td class=\"td2 \">500<\/td>\n<\/tr>\n<tr valign=\"top\" bgcolor=\"#FFFFFF\">\n<td class=\"tdh centrside\">Impact (in non-operating state,<br \/>\n6 ms, half-sinusoidal impulse), m\/s\u00a0<sup>2<\/sup>:<\/td>\n<td class=\"td1 \">1000<\/td>\n<\/tr>\n<tr valign=\"top\" bgcolor=\"#FFFFFF\">\n<td class=\"tdh centrside\">Vibration (in operation mode, at, at 55-2000 Hz), m\/s<sup>2<\/sup>:<\/td>\n<td class=\"td2 \">not more than 100<\/td>\n<\/tr>\n<\/tbody>\n<\/table>\n","protected":false},"excerpt":{"rendered":"<p>The new RSLM stainless steel line provides measurement accuracy comparable to high-precision glass scales, and it is offered in the range of up to 5 m. The linear encoder system with the RSLM line provides a total error (including slopes and linearity) of less than \u00b1 4 \u03bcm at 5 m &#8211; the best result [&hellip;]<\/p>\n","protected":false},"featured_media":46535,"template":"","meta":[],"product_cat":[2323],"product_tag":[],"producers":[2203],"_links":{"self":[{"href":"https:\/\/test.koda.ua\/en\/wp-json\/wp\/v2\/product\/46540"}],"collection":[{"href":"https:\/\/test.koda.ua\/en\/wp-json\/wp\/v2\/product"}],"about":[{"href":"https:\/\/test.koda.ua\/en\/wp-json\/wp\/v2\/types\/product"}],"version-history":[{"count":1,"href":"https:\/\/test.koda.ua\/en\/wp-json\/wp\/v2\/product\/46540\/revisions"}],"predecessor-version":[{"id":46541,"href":"https:\/\/test.koda.ua\/en\/wp-json\/wp\/v2\/product\/46540\/revisions\/46541"}],"wp:featuredmedia":[{"embeddable":true,"href":"https:\/\/test.koda.ua\/en\/wp-json\/wp\/v2\/media\/46535"}],"wp:attachment":[{"href":"https:\/\/test.koda.ua\/en\/wp-json\/wp\/v2\/media?parent=46540"}],"wp:term":[{"taxonomy":"product_cat","embeddable":true,"href":"https:\/\/test.koda.ua\/en\/wp-json\/wp\/v2\/product_cat?post=46540"},{"taxonomy":"product_tag","embeddable":true,"href":"https:\/\/test.koda.ua\/en\/wp-json\/wp\/v2\/product_tag?post=46540"},{"taxonomy":"producers","embeddable":true,"href":"https:\/\/test.koda.ua\/en\/wp-json\/wp\/v2\/producers?post=46540"}],"curies":[{"name":"wp","href":"https:\/\/api.w.org\/{rel}","templated":true}]}}