{"id":26647,"date":"2019-10-22T13:26:53","date_gmt":"2019-10-22T13:26:53","guid":{"rendered":"http:\/\/koda.ua.dev.cc\/product\/waterproof-platform-scales-certus-hercules-%d1%81%d0%bd%d0%b2%d0%bc\/"},"modified":"2021-11-30T17:25:38","modified_gmt":"2021-11-30T15:25:38","slug":"hercules-snvm","status":"publish","type":"product","link":"https:\/\/test.koda.ua\/en\/product\/hercules-snvm\/","title":{"rendered":"Waterproof platform scales CERTUS\u00ae Hercules \u0421\u041d\u0412\u043c"},"content":{"rendered":"<p><b> Electronic scales for application in the field of legally regulated metrology. <\/b><\/p>\n<p>Certificate of Type No. UA.TR.113-0010 \/ 04-16 dated June 29, 2016, valid until June 28, 2026.<\/p>\n<p>Accuracy class according to DSTU EN 45501- medium (III).<\/p>\n<p><b> Description: <\/b><\/p>\n<ul>\n<li>Platform: has a large margin of safety. The thickness of the sheet is 4 mm. Platform coating: powder (method of applying a polymer coating with high protective and decorative properties). Platform is made of structural steel. The corrugated sheet prevents sliding of the load along the platform.<\/li>\n<li>Weighing processor is completely made of stainless steel, degree of protection against dust and moisture is IP67; equipped with a liquid crystal display with a gentle turquoise backlight, symbol height is 52 mm. Operating temperature range: -10 to + 40 \u00b0 C.<\/li>\n<li>Stainless steel load cells, degree of protection against ingress of dust and moisture &#8211; IP68.<\/li>\n<li>Power from the mains via adapter 12 V, 500 mA or battery 6V, 4 Ah (included).<\/li>\n<li>COM port (RS 232 interface for connecting to PC and printer) &#8211; yes.<\/li>\n<\/ul>\n<p><a class=\"oceanwp-lightbox\" href=\"http:\/\/test.koda.ua\/wp-content\/uploads\/2019\/10\/1217_1603.jpg\"><img loading=\"lazy\" width=\"335\" height=\"300\" class=\"alignnone size-full wp-image-26643\" title=\"\" src=\"http:\/\/test.koda.ua\/wp-content\/uploads\/2019\/10\/1217_1603.jpg\" alt=\"\" srcset=\"https:\/\/test.koda.ua\/wp-content\/uploads\/2019\/10\/1217_1603.jpg 335w, https:\/\/test.koda.ua\/wp-content\/uploads\/2019\/10\/1217_1603-300x269.jpg 300w\" sizes=\"(max-width: 335px) 100vw, 335px\" \/><\/a><\/p>\n<p><b> Weighing Modes: <\/b><\/p>\n<ul>\n<li>simple weighing.<\/li>\n<li>weighing with a sample of tare weight (determination of gross \/ net weight).<\/li>\n<li>summation.<\/li>\n<li>weighing animals.<\/li>\n<\/ul>\n<p><b> Optional accessories: <\/b><\/p>\n<ul>\n<li>ramp<\/li>\n<li>weighing tower stand<\/li>\n<li>armored cable<\/li>\n<li>duplicate display<\/li>\n<li>TKCODA software<\/li>\n<li>software for connecting to 1C<\/li>\n<\/ul>\n<table border=\"2\" width=\"100%\" cellspacing=\"1\" cellpadding=\"4\">\n<tbody>\n<tr valign=\"top\" bgcolor=\"#FFFFFF\">\n<td class=\"tdh\">Model<\/td>\n<td class=\"tdh\">Max, kg<\/td>\n<td class=\"tdh\">Min, kg<\/td>\n<td class=\"tdh\">Increment, g<\/td>\n<td class=\"tdh\">Platform size, mm<\/td>\n<\/tr>\n<tr>\n<td colspan=\"5\"><b> Two-interval execution according to DSTU EN 45501: 2007. Commercial weighing <\/b><\/td>\n<\/tr>\n<tr valign=\"top\" bgcolor=\"#FAFAFA\">\n<td class=\"td2\">\u0421\u041d\u0412\u043c-600\u041c200<\/td>\n<td class=\"td2\">300\/600<\/td>\n<td class=\"td2\">2<\/td>\n<td class=\"td2\">100\/200<\/td>\n<td class=\"td2\">1200\u04451200<\/td>\n<\/tr>\n<tr valign=\"top\" bgcolor=\"#FFFFFF\">\n<td class=\"td2\">\u0421\u041d\u0412\u043c-1500\u041c500<\/td>\n<td class=\"td2\">600\/1500<\/td>\n<td class=\"td2\">4<\/td>\n<td class=\"td2\">200\/500<\/td>\n<td class=\"td2\">1200\u04451200<\/td>\n<\/tr>\n<\/tbody>\n<\/table>\n<p><b> Documentation kit:<\/b><\/p>\n<ul>\n<li>Type Verification Certificate: No. UA.TR.113-0010 \/ 04-16 of June 29, 2016.<\/li>\n<li>Certificate of conformity<\/li>\n<li>Declaration of conformity<\/li>\n<li>Operating manual in Ukrainian with an impression of the verification stamp on the passage of the primary verification.<\/li>\n<\/ul>\n","protected":false},"excerpt":{"rendered":"<p>Maximum weighing limit \u00d7 discrete: 600 kg \u00d7 200 g; 1.5 t \u00d7 500 g; 2 t \u00d7 1 kg; 3 t \u00d7 1 kg<br \/>\nPlatform 120 x 120 cm of structural steel powder coated.<br \/>\nWeight and stainless steel load cells. Display: liquid crystal, digits height 50 mm. Powered by mains and battery. COM port for PC and printer. With gospel and certificates.<br \/>\nWaterproof design.<\/p>\n","protected":false},"featured_media":26650,"template":"","meta":[],"product_cat":[2000],"product_tag":[],"producers":[],"_links":{"self":[{"href":"https:\/\/test.koda.ua\/en\/wp-json\/wp\/v2\/product\/26647"}],"collection":[{"href":"https:\/\/test.koda.ua\/en\/wp-json\/wp\/v2\/product"}],"about":[{"href":"https:\/\/test.koda.ua\/en\/wp-json\/wp\/v2\/types\/product"}],"version-history":[{"count":2,"href":"https:\/\/test.koda.ua\/en\/wp-json\/wp\/v2\/product\/26647\/revisions"}],"predecessor-version":[{"id":46824,"href":"https:\/\/test.koda.ua\/en\/wp-json\/wp\/v2\/product\/26647\/revisions\/46824"}],"wp:featuredmedia":[{"embeddable":true,"href":"https:\/\/test.koda.ua\/en\/wp-json\/wp\/v2\/media\/26650"}],"wp:attachment":[{"href":"https:\/\/test.koda.ua\/en\/wp-json\/wp\/v2\/media?parent=26647"}],"wp:term":[{"taxonomy":"product_cat","embeddable":true,"href":"https:\/\/test.koda.ua\/en\/wp-json\/wp\/v2\/product_cat?post=26647"},{"taxonomy":"product_tag","embeddable":true,"href":"https:\/\/test.koda.ua\/en\/wp-json\/wp\/v2\/product_tag?post=26647"},{"taxonomy":"producers","embeddable":true,"href":"https:\/\/test.koda.ua\/en\/wp-json\/wp\/v2\/producers?post=26647"}],"curies":[{"name":"wp","href":"https:\/\/api.w.org\/{rel}","templated":true}]}}