{"id":26007,"date":"2019-10-22T13:18:09","date_gmt":"2019-10-22T10:18:09","guid":{"rendered":"http:\/\/koda.ua.dev.cc\/product\/accuracy-class-00-or-0\/"},"modified":"2021-12-01T11:51:34","modified_gmt":"2021-12-01T09:51:34","slug":"precision-class-00-or-0","status":"publish","type":"product","link":"https:\/\/test.koda.ua\/en\/product\/precision-class-00-or-0\/","title":{"rendered":"Precision class 00 or 0"},"content":{"rendered":"<p><b>Key features and specifications:<\/b><\/p>\n<ul>\n<li>Made of stainless steel;<\/li>\n<li>Accuracy class: &#8220;00&#8221; or &#8220;0&#8221;;<\/li>\n<li>Angle: 90\u00ba;<\/li>\n<li>Supplied in an individual case with an inspection report.<\/li>\n<\/ul>\n<table border=\"0\" width=\"100%\" cellspacing=\"1\" cellpadding=\"4\">\n<tbody>\n<tr valign=\"top\" bgcolor=\"#FFFFFF\">\n<td class=\"tdh centrside\">Type<\/td>\n<td class=\"tdh centrside\">Dimensions, mm<\/td>\n<td class=\"tdh centrside\">Accuracy class<\/td>\n<\/tr>\n<tr valign=\"top\" bgcolor=\"#FFFFFF\">\n<td class=\"td1 centrside\">08114001<\/td>\n<td class=\"td1 centrside\">50 \u00d7 32<\/td>\n<td class=\"td1 centrside\">00<\/td>\n<\/tr>\n<tr valign=\"top\" bgcolor=\"#FFFFFF\">\n<td class=\"td2 centrside\">08114002<\/td>\n<td class=\"td2 centrside\">75 \u00d7 50<\/td>\n<td class=\"td2 centrside\">00<\/td>\n<\/tr>\n<tr valign=\"top\" bgcolor=\"#FFFFFF\">\n<td class=\"td1 centrside\">08114003<\/td>\n<td class=\"td1 centrside\">100 \u00d7 70<\/td>\n<td class=\"td1 centrside\">00<\/td>\n<\/tr>\n<tr valign=\"top\" bgcolor=\"#FFFFFF\">\n<td class=\"td2 centrside\">08114004<\/td>\n<td class=\"td2 centrside\">150 \u00d7 100<\/td>\n<td class=\"td2 centrside\">00<\/td>\n<\/tr>\n<tr valign=\"top\" bgcolor=\"#FFFFFF\">\n<td class=\"td1 centrside\">08114005<\/td>\n<td class=\"td1 centrside\">200 \u00d7 130<\/td>\n<td class=\"td1 centrside\">00<\/td>\n<\/tr>\n<tr valign=\"top\" bgcolor=\"#FFFFFF\">\n<td class=\"td2 centrside\">08114006<\/td>\n<td class=\"td2 centrside\">50 \u00d7 40<\/td>\n<td class=\"td2 centrside\">0<\/td>\n<\/tr>\n<tr valign=\"top\" bgcolor=\"#FFFFFF\">\n<td class=\"td1 centrside\">08114007<\/td>\n<td class=\"td1 centrside\">75 \u00d7 50<\/td>\n<td class=\"td1 centrside\">0<\/td>\n<\/tr>\n<tr valign=\"top\" bgcolor=\"#FFFFFF\">\n<td class=\"td2 centrside\">08114008<\/td>\n<td class=\"td2 centrside\">100 \u00d7 70<\/td>\n<td class=\"td2 centrside\">0<\/td>\n<\/tr>\n<tr valign=\"top\" bgcolor=\"#FFFFFF\">\n<td class=\"td1 centrside\">08114009<\/td>\n<td class=\"td1 centrside\">150 \u00d7 100<\/td>\n<td class=\"td1 centrside\">0<\/td>\n<\/tr>\n<tr valign=\"top\" bgcolor=\"#FFFFFF\">\n<td class=\"td1 centrside\">08114010<\/td>\n<td class=\"td1 centrside\">200 \u00d7 130<\/td>\n<td class=\"td1 centrside\">0<\/td>\n<\/tr>\n<\/tbody>\n<\/table>\n<div><\/div>\n<dl class=\"img_desc\">\n<dd><img loading=\"lazy\" title=\"\" src=\"http:\/\/www.koda.ua\/images\/db\/1015_1268.JPG\" alt=\"\" width=\"237\" height=\"335\" border=\"0\" \/><\/dd>\n<\/dl>\n<p><b>Key features and specifications:<\/b><\/p>\n<ul>\n<li>Made of stainless steel;<\/li>\n<li>Accuracy class: &#8220;00&#8221; or &#8220;0&#8221;;<\/li>\n<li>Angle: 90\u00ba;<\/li>\n<li>Supplied in an individual case with an inspection report.<\/li>\n<\/ul>\n<table border=\"0\" width=\"100%\" cellspacing=\"1\" cellpadding=\"4\">\n<tbody>\n<tr valign=\"top\" bgcolor=\"#FFFFFF\">\n<td class=\"tdh centrside\">Type<\/td>\n<td class=\"tdh centrside\">Dimensions, mm<\/td>\n<td class=\"tdh centrside\">Accuracy class<\/td>\n<\/tr>\n<tr valign=\"top\" bgcolor=\"#FFFFFF\">\n<td class=\"td2 centrside\">08114011<\/td>\n<td class=\"td2 centrside\">50 \u00d7 32<\/td>\n<td class=\"td2 centrside\">00<\/td>\n<\/tr>\n<tr valign=\"top\" bgcolor=\"#FFFFFF\">\n<td class=\"td1 centrside\">08114012<\/td>\n<td class=\"td1 centrside\">75 \u00d7 50<\/td>\n<td class=\"td1 centrside\">00<\/td>\n<\/tr>\n<tr valign=\"top\" bgcolor=\"#FFFFFF\">\n<td class=\"td2 centrside\">08114013<\/td>\n<td class=\"td2 centrside\">100 \u00d7 70<\/td>\n<td class=\"td2 centrside\">00<\/td>\n<\/tr>\n<tr valign=\"top\" bgcolor=\"#FFFFFF\">\n<td class=\"td1 centrside\">08114014<\/td>\n<td class=\"td1 centrside\">150 \u00d7 100<\/td>\n<td class=\"td1 centrside\">00<\/td>\n<\/tr>\n<tr valign=\"top\" bgcolor=\"#FFFFFF\">\n<td class=\"td2 centrside\">08114015<\/td>\n<td class=\"td2 centrside\">200 \u00d7 130<\/td>\n<td class=\"td2 centrside\">00<\/td>\n<\/tr>\n<tr valign=\"top\" bgcolor=\"#FFFFFF\">\n<td class=\"td1 centrside\">08114016<\/td>\n<td class=\"td1 centrside\">50 \u00d7 40<\/td>\n<td class=\"td1 centrside\">0<\/td>\n<\/tr>\n<tr valign=\"top\" bgcolor=\"#FFFFFF\">\n<td class=\"td2 centrside\">08114017<\/td>\n<td class=\"td2 centrside\">75 \u00d7 50<\/td>\n<td class=\"td2 centrside\">0<\/td>\n<\/tr>\n<tr valign=\"top\" bgcolor=\"#FFFFFF\">\n<td class=\"td1 centrside\">08114018<\/td>\n<td class=\"td1 centrside\">100 \u00d7 70<\/td>\n<td class=\"td1 centrside\">0<\/td>\n<\/tr>\n<tr valign=\"top\" bgcolor=\"#FFFFFF\">\n<td class=\"td2 centrside\">08114019<\/td>\n<td class=\"td2 centrside\">150 \u00d7 100<\/td>\n<td class=\"td2 centrside\">0<\/td>\n<\/tr>\n<tr valign=\"top\" bgcolor=\"#FFFFFF\">\n<td class=\"td1 centrside\">08114020<\/td>\n<td class=\"td1 centrside\">200 \u00d7 130<\/td>\n<td class=\"td1 centrside\">0<\/td>\n<\/tr>\n<\/tbody>\n<\/table>\n<p>&nbsp;<\/p>\n","protected":false},"excerpt":{"rendered":"<p>Key features and specifications: Made of stainless steel; Accuracy class: &#8220;00&#8221; or &#8220;0&#8221;; Angle: 90\u00ba; Supplied in an individual case with an inspection report. Type Dimensions, mm Accuracy class 08114001 50 \u00d7 32 00 08114002 75 \u00d7 50 00 08114003 100 \u00d7 70 00 08114004 150 \u00d7 100 00 08114005 200 \u00d7 130 00 08114006 [&hellip;]<\/p>\n","protected":false},"featured_media":26009,"template":"","meta":[],"product_cat":[1924],"product_tag":[],"producers":[2221],"_links":{"self":[{"href":"https:\/\/test.koda.ua\/en\/wp-json\/wp\/v2\/product\/26007"}],"collection":[{"href":"https:\/\/test.koda.ua\/en\/wp-json\/wp\/v2\/product"}],"about":[{"href":"https:\/\/test.koda.ua\/en\/wp-json\/wp\/v2\/types\/product"}],"version-history":[{"count":3,"href":"https:\/\/test.koda.ua\/en\/wp-json\/wp\/v2\/product\/26007\/revisions"}],"predecessor-version":[{"id":47032,"href":"https:\/\/test.koda.ua\/en\/wp-json\/wp\/v2\/product\/26007\/revisions\/47032"}],"wp:featuredmedia":[{"embeddable":true,"href":"https:\/\/test.koda.ua\/en\/wp-json\/wp\/v2\/media\/26009"}],"wp:attachment":[{"href":"https:\/\/test.koda.ua\/en\/wp-json\/wp\/v2\/media?parent=26007"}],"wp:term":[{"taxonomy":"product_cat","embeddable":true,"href":"https:\/\/test.koda.ua\/en\/wp-json\/wp\/v2\/product_cat?post=26007"},{"taxonomy":"product_tag","embeddable":true,"href":"https:\/\/test.koda.ua\/en\/wp-json\/wp\/v2\/product_tag?post=26007"},{"taxonomy":"producers","embeddable":true,"href":"https:\/\/test.koda.ua\/en\/wp-json\/wp\/v2\/producers?post=26007"}],"curies":[{"name":"wp","href":"https:\/\/api.w.org\/{rel}","templated":true}]}}